{"id":52,"date":"2019-06-27T14:52:14","date_gmt":"2019-06-27T12:52:14","guid":{"rendered":"https:\/\/viva.miniatur-wunderland.de\/?page_id=52"},"modified":"2019-07-10T14:05:22","modified_gmt":"2019-07-10T12:05:22","slug":"miniatur-wunderland","status":"publish","type":"page","link":"https:\/\/viva.miniatur-wunderland.de\/es\/miniatur-wunderland\/","title":{"rendered":"Acerca de la Miniatur Wunderland"},"content":{"rendered":"<p>Miniatur Wunderland es la mayor maqueta de trenes del mundo y la atracci\u00f3n tur\u00edstica n\u00famero 1 de Hamburgo. M\u00e1s de 18 millones de visitantes de todo el mundo ya han visitado este superlativo mundo en miniatura. Con una superficie de 1.499 metros cuadrados, en 923.000 horas de trabajo surgi\u00f3 una exposici\u00f3n \u00fanica y destacada que sigue creciendo.<\/p>\n<p>Adem\u00e1s de las tecnolog\u00edas sofisticadas, Wunderland es conocido por su cautivadora riqueza de detalles: 263.000 figuras puestas en escena con amor, moviendo coches y barcos, incluso aviones despegan y aterrizan en el aeropuerto de Knuffingen cada minuto. El Miniatur Wunderland es un microcosmos impresionante e inigualable en todo el mundo.<\/p>\n<p>Desde 2001 el cosmos en miniatura se ha construido incansablemente. Hasta ahora, se puede viajar por el centro de Alemania, Suiza y Austria, pasear por la ciudad ficticia de Knuffingen y observar el tr\u00e1fico a\u00e9reo en el aeropuerto de Knuffingen, se puede caminar desde la miniatura de Hamburgo a Am\u00e9rica y Escandinavia a pie, y tambi\u00e9n no est\u00e1 lejos de Italia con la ciudad lagunar de Venecia.<\/p>\n<p>Con el puente sobre el canal, por primera vez un pa\u00eds del hemisferio sur se abrir\u00e1 en el mapa mundial de Wunderland: \u00a1Nos dirigimos a Sudam\u00e9rica! Hasta la inauguraci\u00f3n de la nueva secci\u00f3n en 2021, los visitantes tambi\u00e9n podr\u00e1n disfrutar de otros mundos nuevos, como una feria en miniatura de superlativos, el Principado de M\u00f3naco y la id\u00edlica Provenza. Estas secciones deben estar terminadas para 2019 y 2020.<\/p>\n<div class=\"shariff shariff-align-flex-start shariff-widget-align-flex-start\"><ul class=\"shariff-buttons theme-white orientation-horizontal buttonsize-small\"><li class=\"shariff-button facebook shariff-nocustomcolor\" style=\"background-color:#4273c8\"><a href=\"https:\/\/www.facebook.com\/sharer\/sharer.php?u=https%3A%2F%2Fviva.miniatur-wunderland.de%2Fes%2Fminiatur-wunderland%2F\" title=\"Bei Facebook teilen\" aria-label=\"Bei Facebook teilen\" role=\"button\" rel=\"nofollow\" class=\"shariff-link\" style=\"; background-color:#3b5998; color:#3b5998\" target=\"_blank\"><span class=\"shariff-icon\" style=\"fill:#3b5998\"><svg width=\"32px\" height=\"20px\" xmlns=\"http:\/\/www.w3.org\/2000\/svg\" viewBox=\"0 0 18 32\"><path fill=\"#3b5998\" d=\"M17.1 0.2v4.7h-2.8q-1.5 0-2.1 0.6t-0.5 1.9v3.4h5.2l-0.7 5.3h-4.5v13.6h-5.5v-13.6h-4.5v-5.3h4.5v-3.9q0-3.3 1.9-5.2t5-1.8q2.6 0 4.1 0.2z\"\/><\/svg><\/span><span class=\"shariff-text\" style=\"color:#3b5998\">teilen<\/span>&nbsp;<\/a><\/li><li class=\"shariff-button twitter shariff-nocustomcolor\" style=\"background-color:#595959\"><a href=\"https:\/\/twitter.com\/share?url=https%3A%2F%2Fviva.miniatur-wunderland.de%2Fes%2Fminiatur-wunderland%2F&text=Acerca%20de%20la%20Miniatur%20Wunderland\" title=\"Bei X teilen\" aria-label=\"Bei X teilen\" role=\"button\" rel=\"noopener nofollow\" class=\"shariff-link\" style=\"; background-color:#000; color:#000\" target=\"_blank\"><span class=\"shariff-icon\" style=\"fill:#000\"><svg width=\"32px\" height=\"20px\" xmlns=\"http:\/\/www.w3.org\/2000\/svg\" viewBox=\"0 0 24 24\"><path fill=\"#000\" d=\"M14.258 10.152L23.176 0h-2.113l-7.747 8.813L7.133 0H0l9.352 13.328L0 23.973h2.113l8.176-9.309 6.531 9.309h7.133zm-2.895 3.293l-.949-1.328L2.875 1.56h3.246l6.086 8.523.945 1.328 7.91 11.078h-3.246zm0 0\"\/><\/svg><\/span><span class=\"shariff-text\" style=\"color:#000\">teilen<\/span>&nbsp;<\/a><\/li><li class=\"shariff-button whatsapp shariff-nocustomcolor\" style=\"background-color:#5cbe4a\"><a href=\"https:\/\/api.whatsapp.com\/send?text=https%3A%2F%2Fviva.miniatur-wunderland.de%2Fes%2Fminiatur-wunderland%2F%20Acerca%20de%20la%20Miniatur%20Wunderland\" title=\"Bei Whatsapp teilen\" aria-label=\"Bei Whatsapp teilen\" role=\"button\" rel=\"noopener nofollow\" class=\"shariff-link\" style=\"; background-color:#34af23; color:#34af23\" target=\"_blank\"><span class=\"shariff-icon\" style=\"fill:#34af23\"><svg width=\"32px\" height=\"20px\" xmlns=\"http:\/\/www.w3.org\/2000\/svg\" viewBox=\"0 0 32 32\"><path fill=\"#34af23\" d=\"M17.6 17.4q0.2 0 1.7 0.8t1.6 0.9q0 0.1 0 0.3 0 0.6-0.3 1.4-0.3 0.7-1.3 1.2t-1.8 0.5q-1 0-3.4-1.1-1.7-0.8-3-2.1t-2.6-3.3q-1.3-1.9-1.3-3.5v-0.1q0.1-1.6 1.3-2.8 0.4-0.4 0.9-0.4 0.1 0 0.3 0t0.3 0q0.3 0 0.5 0.1t0.3 0.5q0.1 0.4 0.6 1.6t0.4 1.3q0 0.4-0.6 1t-0.6 0.8q0 0.1 0.1 0.3 0.6 1.3 1.8 2.4 1 0.9 2.7 1.8 0.2 0.1 0.4 0.1 0.3 0 1-0.9t0.9-0.9zM14 26.9q2.3 0 4.3-0.9t3.6-2.4 2.4-3.6 0.9-4.3-0.9-4.3-2.4-3.6-3.6-2.4-4.3-0.9-4.3 0.9-3.6 2.4-2.4 3.6-0.9 4.3q0 3.6 2.1 6.6l-1.4 4.2 4.3-1.4q2.8 1.9 6.2 1.9zM14 2.2q2.7 0 5.2 1.1t4.3 2.9 2.9 4.3 1.1 5.2-1.1 5.2-2.9 4.3-4.3 2.9-5.2 1.1q-3.5 0-6.5-1.7l-7.4 2.4 2.4-7.2q-1.9-3.2-1.9-6.9 0-2.7 1.1-5.2t2.9-4.3 4.3-2.9 5.2-1.1z\"\/><\/svg><\/span><span class=\"shariff-text\" style=\"color:#34af23\">teilen<\/span>&nbsp;<\/a><\/li><li class=\"shariff-button mailto shariff-nocustomcolor\" style=\"background-color:#a8a8a8\"><a href=\"mailto:?body=https%3A%2F%2Fviva.miniatur-wunderland.de%2Fes%2Fminiatur-wunderland%2F&subject=Acerca%20de%20la%20Miniatur%20Wunderland\" title=\"Per E-Mail versenden\" aria-label=\"Per E-Mail versenden\" role=\"button\" rel=\"noopener nofollow\" class=\"shariff-link\" style=\"; background-color:#999; color:#999\"><span class=\"shariff-icon\" style=\"fill:#999\"><svg width=\"32px\" height=\"20px\" xmlns=\"http:\/\/www.w3.org\/2000\/svg\" viewBox=\"0 0 32 32\"><path fill=\"#999\" d=\"M32 12.7v14.2q0 1.2-0.8 2t-2 0.9h-26.3q-1.2 0-2-0.9t-0.8-2v-14.2q0.8 0.9 1.8 1.6 6.5 4.4 8.9 6.1 1 0.8 1.6 1.2t1.7 0.9 2 0.4h0.1q0.9 0 2-0.4t1.7-0.9 1.6-1.2q3-2.2 8.9-6.1 1-0.7 1.8-1.6zM32 7.4q0 1.4-0.9 2.7t-2.2 2.2q-6.7 4.7-8.4 5.8-0.2 0.1-0.7 0.5t-1 0.7-0.9 0.6-1.1 0.5-0.9 0.2h-0.1q-0.4 0-0.9-0.2t-1.1-0.5-0.9-0.6-1-0.7-0.7-0.5q-1.6-1.1-4.7-3.2t-3.6-2.6q-1.1-0.7-2.1-2t-1-2.5q0-1.4 0.7-2.3t2.1-0.9h26.3q1.2 0 2 0.8t0.9 2z\"\/><\/svg><\/span><span class=\"shariff-text\" style=\"color:#999\">E-Mail<\/span>&nbsp;<\/a><\/li><li class=\"shariff-button info shariff-nocustomcolor\" style=\"background-color:#a8a8a8\"><a href=\"http:\/\/ct.de\/-2467514\" title=\"Weitere Informationen\" aria-label=\"Weitere Informationen\" role=\"button\" rel=\"noopener \" class=\"shariff-link\" style=\"; background-color:#999; color:#999\" target=\"_blank\"><span class=\"shariff-icon\" style=\"fill:#999\"><svg width=\"32px\" height=\"20px\" xmlns=\"http:\/\/www.w3.org\/2000\/svg\" viewBox=\"0 0 11 32\"><path fill=\"#999\" d=\"M11.4 24v2.3q0 0.5-0.3 0.8t-0.8 0.4h-9.1q-0.5 0-0.8-0.4t-0.4-0.8v-2.3q0-0.5 0.4-0.8t0.8-0.4h1.1v-6.8h-1.1q-0.5 0-0.8-0.4t-0.4-0.8v-2.3q0-0.5 0.4-0.8t0.8-0.4h6.8q0.5 0 0.8 0.4t0.4 0.8v10.3h1.1q0.5 0 0.8 0.4t0.3 0.8zM9.2 3.4v3.4q0 0.5-0.4 0.8t-0.8 0.4h-4.6q-0.4 0-0.8-0.4t-0.4-0.8v-3.4q0-0.4 0.4-0.8t0.8-0.4h4.6q0.5 0 0.8 0.4t0.4 0.8z\"\/><\/svg><\/span><\/a><\/li><\/ul><\/div>","protected":false},"excerpt":{"rendered":"<p>Miniatur Wunderland es la mayor maqueta de trenes del mundo y la atracci\u00f3n tur\u00edstica n\u00famero 1 de Hamburgo. M\u00e1s de 18 millones de visitantes de todo el mundo ya han visitado este superlativo mundo en miniatura. Con una superficie de 1.499 metros cuadrados, en 923.000 horas de trabajo surgi\u00f3 una exposici\u00f3n \u00fanica y destacada que &#8230; <a title=\"Acerca de la Miniatur Wunderland\" class=\"read-more\" href=\"https:\/\/viva.miniatur-wunderland.de\/es\/miniatur-wunderland\/\" aria-label=\"More on Acerca de la Miniatur Wunderland\">Read more<\/a><\/p>\n","protected":false},"author":2,"featured_media":378,"parent":0,"menu_order":0,"comment_status":"closed","ping_status":"closed","template":"","meta":{"footnotes":""},"class_list":["post-52","page","type-page","status-publish","has-post-thumbnail"],"translation":{"provider":"WPGlobus","version":"3.0.2","language":"es","enabled_languages":["de","en","es"],"languages":{"de":{"title":true,"content":true,"excerpt":false},"en":{"title":true,"content":true,"excerpt":false},"es":{"title":true,"content":true,"excerpt":false}}},"aioseo_notices":[],"_links":{"self":[{"href":"https:\/\/viva.miniatur-wunderland.de\/es\/wp-json\/wp\/v2\/pages\/52","targetHints":{"allow":["GET"]}}],"collection":[{"href":"https:\/\/viva.miniatur-wunderland.de\/es\/wp-json\/wp\/v2\/pages"}],"about":[{"href":"https:\/\/viva.miniatur-wunderland.de\/es\/wp-json\/wp\/v2\/types\/page"}],"author":[{"embeddable":true,"href":"https:\/\/viva.miniatur-wunderland.de\/es\/wp-json\/wp\/v2\/users\/2"}],"replies":[{"embeddable":true,"href":"https:\/\/viva.miniatur-wunderland.de\/es\/wp-json\/wp\/v2\/comments?post=52"}],"version-history":[{"count":7,"href":"https:\/\/viva.miniatur-wunderland.de\/es\/wp-json\/wp\/v2\/pages\/52\/revisions"}],"predecessor-version":[{"id":835,"href":"https:\/\/viva.miniatur-wunderland.de\/es\/wp-json\/wp\/v2\/pages\/52\/revisions\/835"}],"wp:featuredmedia":[{"embeddable":true,"href":"https:\/\/viva.miniatur-wunderland.de\/es\/wp-json\/wp\/v2\/media\/378"}],"wp:attachment":[{"href":"https:\/\/viva.miniatur-wunderland.de\/es\/wp-json\/wp\/v2\/media?parent=52"}],"curies":[{"name":"wp","href":"https:\/\/api.w.org\/{rel}","templated":true}]}}