{"id":1726,"date":"2022-04-21T14:28:08","date_gmt":"2022-04-21T12:28:08","guid":{"rendered":"https:\/\/viva.miniatur-wunderland.de\/?page_id=1726"},"modified":"2022-05-03T09:08:30","modified_gmt":"2022-05-03T07:08:30","slug":"startseite","status":"publish","type":"page","link":"https:\/\/viva.miniatur-wunderland.de\/es\/","title":{"rendered":"Inicio"},"content":{"rendered":"\n<div class=\"wp-block-group alignwide section-blog has-background\" style=\"background-color:#ffcc00\"><div class=\"wp-block-group__inner-container is-layout-flow wp-block-group-is-layout-flow\">\n<h2 class=\"has-text-align-center h2-blog has-text-color wp-block-heading\" id=\"blog\" style=\"color:#3569b3;font-size:3em\">Nuestro Blog<\/h2>\n\n\n\n<div class=\"wp-block-query is-layout-flow wp-block-query-is-layout-flow\"><ul class=\"wp-block-post-template is-layout-flow wp-block-post-template-is-layout-flow\"><li class=\"wp-block-post post-1878 post type-post status-publish format-standard has-post-thumbnail hentry category-video tag-no-featured-image\">\n\n<div class=\"wp-block-columns alignwide has-base-3-background-color has-background is-layout-flex wp-container-corecolumns-is-layout-9d6595d7 wp-block-columns-is-layout-flex\">\n<div class=\"wp-block-column is-layout-flow wp-block-column-is-layout-flow\" style=\"flex-basis:33%\"><figure class=\"wp-block-post-featured-image\"><a href=\"https:\/\/viva.miniatur-wunderland.de\/es\/1878\/how-to-build-south-america-8\/\" target=\"_self\"  ><img loading=\"lazy\" decoding=\"async\" width=\"1280\" height=\"720\" src=\"https:\/\/viva.miniatur-wunderland.de\/wp-content\/uploads\/2022\/05\/how_to_build_southamerica-thumb-08.jpg\" class=\"attachment-post-thumbnail size-post-thumbnail wp-post-image\" alt=\"How to build South America #8\" style=\"object-fit:cover;\" srcset=\"https:\/\/viva.miniatur-wunderland.de\/wp-content\/uploads\/2022\/05\/how_to_build_southamerica-thumb-08.jpg 1280w, https:\/\/viva.miniatur-wunderland.de\/wp-content\/uploads\/2022\/05\/how_to_build_southamerica-thumb-08-600x338.jpg 600w, https:\/\/viva.miniatur-wunderland.de\/wp-content\/uploads\/2022\/05\/how_to_build_southamerica-thumb-08-1024x576.jpg 1024w, https:\/\/viva.miniatur-wunderland.de\/wp-content\/uploads\/2022\/05\/how_to_build_southamerica-thumb-08-768x432.jpg 768w\" sizes=\"auto, (max-width: 1280px) 100vw, 1280px\" \/><\/a><\/figure><\/div>\n\n\n\n<div class=\"wp-block-column is-layout-flow wp-block-column-is-layout-flow\" style=\"flex-basis:66%\"><h3 style=\"font-size:2em;\" class=\"wp-block-post-title has-text-color has-contrast-color\"><a href=\"https:\/\/viva.miniatur-wunderland.de\/es\/1878\/how-to-build-south-america-8\/\" target=\"_self\" >How to build South America #8<\/a><\/h3>\n\n<div class=\"wp-block-post-excerpt\"><p class=\"wp-block-post-excerpt__excerpt\">Las obras de nuestra nueva secci\u00f3n &#8220;R\u00edo&#8221; est\u00e1n entrando en la fase final. Nuestro equipo t\u00e9cnico se enfrenta a uno de los mayores retos de la historia de Wunderland: el carnaval con miles de luces, bailarines y mucha mec\u00e1nica. Que todo salga bien a\u00fan est\u00e1 escrito en las estrellas. Arne decora una de las innumerables&hellip; <\/p><\/div><\/div>\n<\/div>\n\n<\/li><li class=\"wp-block-post post-1874 post type-post status-publish format-standard has-post-thumbnail hentry category-video tag-no-featured-image tag-patagonien\">\n\n<div class=\"wp-block-columns alignwide has-base-3-background-color has-background is-layout-flex wp-container-corecolumns-is-layout-9d6595d7 wp-block-columns-is-layout-flex\">\n<div class=\"wp-block-column is-layout-flow wp-block-column-is-layout-flow\" style=\"flex-basis:33%\"><figure class=\"wp-block-post-featured-image\"><a href=\"https:\/\/viva.miniatur-wunderland.de\/es\/1874\/how-to-build-south-america-7\/\" target=\"_self\"  ><img loading=\"lazy\" decoding=\"async\" width=\"1280\" height=\"720\" src=\"https:\/\/viva.miniatur-wunderland.de\/wp-content\/uploads\/2022\/05\/how_to_build_southamerica-thumb-07.jpg\" class=\"attachment-post-thumbnail size-post-thumbnail wp-post-image\" alt=\"How to build South America #7\" style=\"object-fit:cover;\" srcset=\"https:\/\/viva.miniatur-wunderland.de\/wp-content\/uploads\/2022\/05\/how_to_build_southamerica-thumb-07.jpg 1280w, https:\/\/viva.miniatur-wunderland.de\/wp-content\/uploads\/2022\/05\/how_to_build_southamerica-thumb-07-600x338.jpg 600w, https:\/\/viva.miniatur-wunderland.de\/wp-content\/uploads\/2022\/05\/how_to_build_southamerica-thumb-07-1024x576.jpg 1024w, https:\/\/viva.miniatur-wunderland.de\/wp-content\/uploads\/2022\/05\/how_to_build_southamerica-thumb-07-768x432.jpg 768w\" sizes=\"auto, (max-width: 1280px) 100vw, 1280px\" \/><\/a><\/figure><\/div>\n\n\n\n<div class=\"wp-block-column is-layout-flow wp-block-column-is-layout-flow\" style=\"flex-basis:66%\"><h3 style=\"font-size:2em;\" class=\"wp-block-post-title has-text-color has-contrast-color\"><a href=\"https:\/\/viva.miniatur-wunderland.de\/es\/1874\/how-to-build-south-america-7\/\" target=\"_self\" >How to build South America #7<\/a><\/h3>\n\n<div class=\"wp-block-post-excerpt\"><p class=\"wp-block-post-excerpt__excerpt\">\u00a1Bienvenido a la Patagonia! Junto con nuestros amigos argentinos, casi hemos terminado de construir R\u00edo de Janeiro en miniatura. Mientras R\u00edo espera a ser construido en Hamburgo, el espect\u00e1culo debe continuar en Argentina, donde ya se est\u00e1 construyendo la subestructura para la parte de la Patagonia. E incluso ya podemos ver las primeras casas. Pero&hellip; <\/p><\/div><\/div>\n<\/div>\n\n<\/li><li class=\"wp-block-post post-1512 post type-post status-publish format-standard has-post-thumbnail hentry category-news category-video tag-no-featured-image\">\n\n<div class=\"wp-block-columns alignwide has-base-3-background-color has-background is-layout-flex wp-container-corecolumns-is-layout-9d6595d7 wp-block-columns-is-layout-flex\">\n<div class=\"wp-block-column is-layout-flow wp-block-column-is-layout-flow\" style=\"flex-basis:33%\"><figure class=\"wp-block-post-featured-image\"><a href=\"https:\/\/viva.miniatur-wunderland.de\/es\/1512\/how-to-build-south-america-6\/\" target=\"_self\"  ><img loading=\"lazy\" decoding=\"async\" width=\"1920\" height=\"1080\" src=\"https:\/\/viva.miniatur-wunderland.de\/wp-content\/uploads\/2020\/12\/ts_mwl-htbsa-06-thumb-01.jpg\" class=\"attachment-post-thumbnail size-post-thumbnail wp-post-image\" alt=\"How to build South America #6\" style=\"object-fit:cover;\" srcset=\"https:\/\/viva.miniatur-wunderland.de\/wp-content\/uploads\/2020\/12\/ts_mwl-htbsa-06-thumb-01.jpg 1920w, https:\/\/viva.miniatur-wunderland.de\/wp-content\/uploads\/2020\/12\/ts_mwl-htbsa-06-thumb-01-600x338.jpg 600w, https:\/\/viva.miniatur-wunderland.de\/wp-content\/uploads\/2020\/12\/ts_mwl-htbsa-06-thumb-01-1024x576.jpg 1024w, https:\/\/viva.miniatur-wunderland.de\/wp-content\/uploads\/2020\/12\/ts_mwl-htbsa-06-thumb-01-768x432.jpg 768w, https:\/\/viva.miniatur-wunderland.de\/wp-content\/uploads\/2020\/12\/ts_mwl-htbsa-06-thumb-01-1536x864.jpg 1536w\" sizes=\"auto, (max-width: 1920px) 100vw, 1920px\" \/><\/a><\/figure><\/div>\n\n\n\n<div class=\"wp-block-column is-layout-flow wp-block-column-is-layout-flow\" style=\"flex-basis:66%\"><h3 style=\"font-size:2em;\" class=\"wp-block-post-title has-text-color has-contrast-color\"><a href=\"https:\/\/viva.miniatur-wunderland.de\/es\/1512\/how-to-build-south-america-6\/\" target=\"_self\" >How to build South America #6<\/a><\/h3>\n\n<div class=\"wp-block-post-excerpt\"><p class=\"wp-block-post-excerpt__excerpt\">\u00bfC\u00f3mo traer 46m\u00b2 de R\u00edo de Janeiro en miniatura de Buenos Aires a Hamburgo? En este episodio, la primera parte de nuestra nueva secci\u00f3n de Sudam\u00e9rica est\u00e1 finalmente preparada para el transporte. Todo el trazado es desmontado, empaquetado en cajas personalizadas y finalmente cargado en camiones que llevar\u00e1n la maqueta desmontada al puerto de Buenos&hellip; <\/p><\/div><\/div>\n<\/div>\n\n<\/li><li class=\"wp-block-post post-1501 post type-post status-publish format-standard has-post-thumbnail hentry category-news category-video tag-no-featured-image\">\n\n<div class=\"wp-block-columns alignwide has-base-3-background-color has-background is-layout-flex wp-container-corecolumns-is-layout-9d6595d7 wp-block-columns-is-layout-flex\">\n<div class=\"wp-block-column is-layout-flow wp-block-column-is-layout-flow\" style=\"flex-basis:33%\"><figure class=\"wp-block-post-featured-image\"><a href=\"https:\/\/viva.miniatur-wunderland.de\/es\/1501\/how-to-build-south-america-5\/\" target=\"_self\"  ><img loading=\"lazy\" decoding=\"async\" width=\"1920\" height=\"1080\" src=\"https:\/\/viva.miniatur-wunderland.de\/wp-content\/uploads\/2020\/12\/ts_mwl-hoe-to-build-south-america-05-thumb-01.jpg\" class=\"attachment-post-thumbnail size-post-thumbnail wp-post-image\" alt=\"How to build South America #5\" style=\"object-fit:cover;\" srcset=\"https:\/\/viva.miniatur-wunderland.de\/wp-content\/uploads\/2020\/12\/ts_mwl-hoe-to-build-south-america-05-thumb-01.jpg 1920w, https:\/\/viva.miniatur-wunderland.de\/wp-content\/uploads\/2020\/12\/ts_mwl-hoe-to-build-south-america-05-thumb-01-600x338.jpg 600w, https:\/\/viva.miniatur-wunderland.de\/wp-content\/uploads\/2020\/12\/ts_mwl-hoe-to-build-south-america-05-thumb-01-1024x576.jpg 1024w, https:\/\/viva.miniatur-wunderland.de\/wp-content\/uploads\/2020\/12\/ts_mwl-hoe-to-build-south-america-05-thumb-01-768x432.jpg 768w, https:\/\/viva.miniatur-wunderland.de\/wp-content\/uploads\/2020\/12\/ts_mwl-hoe-to-build-south-america-05-thumb-01-1536x864.jpg 1536w\" sizes=\"auto, (max-width: 1920px) 100vw, 1920px\" \/><\/a><\/figure><\/div>\n\n\n\n<div class=\"wp-block-column is-layout-flow wp-block-column-is-layout-flow\" style=\"flex-basis:66%\"><h3 style=\"font-size:2em;\" class=\"wp-block-post-title has-text-color has-contrast-color\"><a href=\"https:\/\/viva.miniatur-wunderland.de\/es\/1501\/how-to-build-south-america-5\/\" target=\"_self\" >How to build South America #5<\/a><\/h3>\n\n<div class=\"wp-block-post-excerpt\"><p class=\"wp-block-post-excerpt__excerpt\">\u00a1Por fin! Nuestro trabajo de modelado en Miniatura-R\u00edo-de-Janeiro est\u00e1 terminado. Bueno, en realidad no. Porque tan pronto como estos primeros 46 metros cuadrados de nuestra nueva secci\u00f3n de Sudam\u00e9rica hayan cruzado el Atl\u00e1ntico desde Buenos Aires hasta Hamburgo, pondremos todos los detalles. Todav\u00eda hay una cantidad incre\u00edble por hacer. Pero ahora todo el modelo tiene&hellip; <\/p><\/div><\/div>\n<\/div>\n\n<\/li><li class=\"wp-block-post post-1480 post type-post status-publish format-standard has-post-thumbnail hentry category-fotos category-news tag-no-featured-image\">\n\n<div class=\"wp-block-columns alignwide has-base-3-background-color has-background is-layout-flex wp-container-corecolumns-is-layout-9d6595d7 wp-block-columns-is-layout-flex\">\n<div class=\"wp-block-column is-layout-flow wp-block-column-is-layout-flow\" style=\"flex-basis:33%\"><figure class=\"wp-block-post-featured-image\"><a href=\"https:\/\/viva.miniatur-wunderland.de\/es\/1480\/baustellen-update-5-rio-wird-verschifft\/\" target=\"_self\"  ><img loading=\"lazy\" decoding=\"async\" width=\"1600\" height=\"1200\" src=\"https:\/\/viva.miniatur-wunderland.de\/wp-content\/uploads\/2020\/11\/shipping02.jpg\" class=\"attachment-post-thumbnail size-post-thumbnail wp-post-image\" alt=\"Actualizaci\u00f3n de la construcci\u00f3n #5: R\u00edo se est\u00e1 enviando\" style=\"object-fit:cover;\" srcset=\"https:\/\/viva.miniatur-wunderland.de\/wp-content\/uploads\/2020\/11\/shipping02.jpg 1600w, https:\/\/viva.miniatur-wunderland.de\/wp-content\/uploads\/2020\/11\/shipping02-600x450.jpg 600w, https:\/\/viva.miniatur-wunderland.de\/wp-content\/uploads\/2020\/11\/shipping02-1024x768.jpg 1024w, https:\/\/viva.miniatur-wunderland.de\/wp-content\/uploads\/2020\/11\/shipping02-768x576.jpg 768w, https:\/\/viva.miniatur-wunderland.de\/wp-content\/uploads\/2020\/11\/shipping02-1536x1152.jpg 1536w\" sizes=\"auto, (max-width: 1600px) 100vw, 1600px\" \/><\/a><\/figure><\/div>\n\n\n\n<div class=\"wp-block-column is-layout-flow wp-block-column-is-layout-flow\" style=\"flex-basis:66%\"><h3 style=\"font-size:2em;\" class=\"wp-block-post-title has-text-color has-contrast-color\"><a href=\"https:\/\/viva.miniatur-wunderland.de\/es\/1480\/baustellen-update-5-rio-wird-verschifft\/\" target=\"_self\" >Actualizaci\u00f3n de la construcci\u00f3n #5: R\u00edo se est\u00e1 enviando<\/a><\/h3>\n\n<div class=\"wp-block-post-excerpt\"><p class=\"wp-block-post-excerpt__excerpt\">En la 5\u00aa actualizaci\u00f3n de la construcci\u00f3n de nuestra secci\u00f3n de R\u00edo ya no se habla mucho de una obra en construcci\u00f3n. Porque R\u00edo est\u00e1 terminado \ud83d\ude42 Al menos la parte que construimos junto con la familia Mart\u00ednez en Argentina. As\u00ed que las \u00faltimas semanas fueron de desmantelamiento, empaque y despedida. El lunes 2 de&hellip; <\/p><\/div><\/div>\n<\/div>\n\n<\/li><\/ul><\/div>\n\n\n\n<div class=\"wp-block-buttons is-horizontal is-content-justification-center is-layout-flex wp-container-corebuttons-is-layout-499968f5 wp-block-buttons-is-layout-flex\">\n<div class=\"wp-block-button is-style-fill\"><a class=\"wp-block-button__link\" href=\"\/artikel-liste\/\">Alle Beitr&#228;ge<\/a><\/div>\n<\/div>\n<\/div><\/div>\n\n\n\n<div class=\"wp-block-group alignwide section-video has-background\" style=\"background-color:#27364d\"><div class=\"wp-block-group__inner-container is-layout-flow wp-block-group-is-layout-flow\">\n<h2 class=\"has-text-align-center h2-video has-base-3-color has-text-color wp-block-heading\" style=\"font-size:3em\">La documentaci\u00f3n en v\u00eddeo<\/h2>\n\n\n\n<figure class=\"wp-block-embed aligncenter is-type-video is-provider-youtube wp-block-embed-youtube wp-embed-aspect-16-9 wp-has-aspect-ratio\"><div class=\"wp-block-embed__wrapper\">\n<iframe loading=\"lazy\" title=\"Wir bauen S&#252;damerika! | How To Build South America #1 | Miniatur Wunderland\" width=\"1200\" height=\"675\" src=\"https:\/\/www.youtube.com\/embed\/g-mnD6Qq_mg?feature=oembed\" frameborder=\"0\" allow=\"accelerometer; autoplay; clipboard-write; encrypted-media; gyroscope; picture-in-picture\" allowfullscreen><\/iframe>\n<\/div><\/figure>\n\n\n\n<div class=\"wp-block-buttons is-horizontal is-content-justification-center is-layout-flex wp-container-corebuttons-is-layout-499968f5 wp-block-buttons-is-layout-flex\">\n<div class=\"wp-block-button\"><a class=\"wp-block-button__link\" href=\"\/thema\/video\/\">Todos los episodios de un vistazo<\/a><\/div>\n<\/div>\n\n\n\n<p><\/p>\n<\/div><\/div>\n\n\n\n<div class=\"wp-block-group alignwide section-ueber has-contrast-color has-text-color has-background\" style=\"background-color:#ffcc00\"><div class=\"wp-block-group__inner-container is-layout-flow wp-block-group-is-layout-flow\">\n<h2 class=\"has-text-align-center h2-ueber has-text-color wp-block-heading\" style=\"color:#3569b3;font-size:3em\">Sobre el proyecto<\/h2>\n\n\n\n<div class=\"wp-block-columns is-layout-flex wp-container-corecolumns-is-layout-9d6595d7 wp-block-columns-is-layout-flex\">\n<div class=\"wp-block-column ueber-vision is-layout-flow wp-block-column-is-layout-flow\">\n<div class=\"wp-block-buttons is-horizontal is-content-justification-center is-layout-flex wp-container-corebuttons-is-layout-499968f5 wp-block-buttons-is-layout-flex\">\n<div class=\"wp-block-button\"><a class=\"wp-block-button__link\" href=\"la-vision\/\">La visi\u00f3n<\/a><\/div>\n<\/div>\n<\/div>\n\n\n\n<div class=\"wp-block-column ueber-zuf is-layout-flow wp-block-column-is-layout-flow\">\n<div class=\"wp-block-buttons is-horizontal is-content-justification-center is-layout-flex wp-container-corebuttons-is-layout-499968f5 wp-block-buttons-is-layout-flex\">\n<div class=\"wp-block-button\"><a class=\"wp-block-button__link\" href=\"\/zahlen-fakten\/\">Cifras y Hechos <\/a><\/div>\n<\/div>\n<\/div>\n\n\n\n<div class=\"wp-block-column ueber-miwula is-layout-flow wp-block-column-is-layout-flow\">\n<div class=\"wp-block-buttons is-horizontal is-content-justification-center is-layout-flex wp-container-corebuttons-is-layout-499968f5 wp-block-buttons-is-layout-flex\">\n<div class=\"wp-block-button\"><a class=\"wp-block-button__link\" href=\"\/miniatur-wunderland\/\">Miniatur Wunderland<\/a><\/div>\n<\/div>\n<\/div>\n<\/div>\n<\/div><\/div>\n\n\n\n<p><\/p>\n<div class=\"shariff shariff-align-left shariff-widget-align-left\"><ul class=\"shariff-buttons theme-white orientation-horizontal buttonsize-small\"><li class=\"shariff-button facebook shariff-nocustomcolor\" style=\"background-color:#4273c8\"><a href=\"https:\/\/www.facebook.com\/sharer\/sharer.php?u=https%3A%2F%2Fviva.miniatur-wunderland.de%2Fes%2F\" title=\"Bei Facebook teilen\" aria-label=\"Bei Facebook teilen\" role=\"button\" rel=\"nofollow\" class=\"shariff-link\" style=\"; background-color:#3b5998; color:#3b5998\" target=\"_blank\"><span class=\"shariff-icon\" style=\"fill:#3b5998\"><svg width=\"32px\" height=\"20px\" xmlns=\"http:\/\/www.w3.org\/2000\/svg\" viewBox=\"0 0 18 32\"><path fill=\"#3b5998\" d=\"M17.1 0.2v4.7h-2.8q-1.5 0-2.1 0.6t-0.5 1.9v3.4h5.2l-0.7 5.3h-4.5v13.6h-5.5v-13.6h-4.5v-5.3h4.5v-3.9q0-3.3 1.9-5.2t5-1.8q2.6 0 4.1 0.2z\"\/><\/svg><\/span><span class=\"shariff-text\" style=\"color:#3b5998\">teilen<\/span>&nbsp;<\/a><\/li><li class=\"shariff-button twitter shariff-nocustomcolor\" style=\"background-color:#595959\"><a href=\"https:\/\/twitter.com\/share?url=https%3A%2F%2Fviva.miniatur-wunderland.de%2Fes%2F&text=Inicio\" title=\"Bei X teilen\" aria-label=\"Bei X teilen\" role=\"button\" rel=\"noopener nofollow\" class=\"shariff-link\" style=\"; background-color:#000; color:#000\" target=\"_blank\"><span class=\"shariff-icon\" style=\"fill:#000\"><svg width=\"32px\" height=\"20px\" xmlns=\"http:\/\/www.w3.org\/2000\/svg\" viewBox=\"0 0 24 24\"><path fill=\"#000\" d=\"M14.258 10.152L23.176 0h-2.113l-7.747 8.813L7.133 0H0l9.352 13.328L0 23.973h2.113l8.176-9.309 6.531 9.309h7.133zm-2.895 3.293l-.949-1.328L2.875 1.56h3.246l6.086 8.523.945 1.328 7.91 11.078h-3.246zm0 0\"\/><\/svg><\/span><span class=\"shariff-text\" style=\"color:#000\">teilen<\/span>&nbsp;<\/a><\/li><li class=\"shariff-button whatsapp shariff-nocustomcolor\" style=\"background-color:#5cbe4a\"><a href=\"https:\/\/api.whatsapp.com\/send?text=https%3A%2F%2Fviva.miniatur-wunderland.de%2Fes%2F%20Inicio\" title=\"Bei Whatsapp teilen\" aria-label=\"Bei Whatsapp teilen\" role=\"button\" rel=\"noopener nofollow\" class=\"shariff-link\" style=\"; background-color:#34af23; color:#34af23\" target=\"_blank\"><span class=\"shariff-icon\" style=\"fill:#34af23\"><svg width=\"32px\" height=\"20px\" xmlns=\"http:\/\/www.w3.org\/2000\/svg\" viewBox=\"0 0 32 32\"><path fill=\"#34af23\" d=\"M17.6 17.4q0.2 0 1.7 0.8t1.6 0.9q0 0.1 0 0.3 0 0.6-0.3 1.4-0.3 0.7-1.3 1.2t-1.8 0.5q-1 0-3.4-1.1-1.7-0.8-3-2.1t-2.6-3.3q-1.3-1.9-1.3-3.5v-0.1q0.1-1.6 1.3-2.8 0.4-0.4 0.9-0.4 0.1 0 0.3 0t0.3 0q0.3 0 0.5 0.1t0.3 0.5q0.1 0.4 0.6 1.6t0.4 1.3q0 0.4-0.6 1t-0.6 0.8q0 0.1 0.1 0.3 0.6 1.3 1.8 2.4 1 0.9 2.7 1.8 0.2 0.1 0.4 0.1 0.3 0 1-0.9t0.9-0.9zM14 26.9q2.3 0 4.3-0.9t3.6-2.4 2.4-3.6 0.9-4.3-0.9-4.3-2.4-3.6-3.6-2.4-4.3-0.9-4.3 0.9-3.6 2.4-2.4 3.6-0.9 4.3q0 3.6 2.1 6.6l-1.4 4.2 4.3-1.4q2.8 1.9 6.2 1.9zM14 2.2q2.7 0 5.2 1.1t4.3 2.9 2.9 4.3 1.1 5.2-1.1 5.2-2.9 4.3-4.3 2.9-5.2 1.1q-3.5 0-6.5-1.7l-7.4 2.4 2.4-7.2q-1.9-3.2-1.9-6.9 0-2.7 1.1-5.2t2.9-4.3 4.3-2.9 5.2-1.1z\"\/><\/svg><\/span><span class=\"shariff-text\" style=\"color:#34af23\">teilen<\/span>&nbsp;<\/a><\/li><li class=\"shariff-button mailto shariff-nocustomcolor\" style=\"background-color:#a8a8a8\"><a href=\"mailto:?body=https%3A%2F%2Fviva.miniatur-wunderland.de%2Fes%2F&subject=Inicio\" title=\"Per E-Mail versenden\" aria-label=\"Per E-Mail versenden\" role=\"button\" rel=\"noopener nofollow\" class=\"shariff-link\" style=\"; background-color:#999; color:#999\"><span class=\"shariff-icon\" style=\"fill:#999\"><svg width=\"32px\" height=\"20px\" xmlns=\"http:\/\/www.w3.org\/2000\/svg\" viewBox=\"0 0 32 32\"><path fill=\"#999\" d=\"M32 12.7v14.2q0 1.2-0.8 2t-2 0.9h-26.3q-1.2 0-2-0.9t-0.8-2v-14.2q0.8 0.9 1.8 1.6 6.5 4.4 8.9 6.1 1 0.8 1.6 1.2t1.7 0.9 2 0.4h0.1q0.9 0 2-0.4t1.7-0.9 1.6-1.2q3-2.2 8.9-6.1 1-0.7 1.8-1.6zM32 7.4q0 1.4-0.9 2.7t-2.2 2.2q-6.7 4.7-8.4 5.8-0.2 0.1-0.7 0.5t-1 0.7-0.9 0.6-1.1 0.5-0.9 0.2h-0.1q-0.4 0-0.9-0.2t-1.1-0.5-0.9-0.6-1-0.7-0.7-0.5q-1.6-1.1-4.7-3.2t-3.6-2.6q-1.1-0.7-2.1-2t-1-2.5q0-1.4 0.7-2.3t2.1-0.9h26.3q1.2 0 2 0.8t0.9 2z\"\/><\/svg><\/span><span class=\"shariff-text\" style=\"color:#999\">E-Mail<\/span>&nbsp;<\/a><\/li><li class=\"shariff-button info shariff-nocustomcolor\" style=\"background-color:#a8a8a8\"><a href=\"http:\/\/ct.de\/-2467514\" title=\"Weitere Informationen\" aria-label=\"Weitere Informationen\" role=\"button\" rel=\"noopener \" class=\"shariff-link\" style=\"; background-color:#999; color:#999\" target=\"_blank\"><span class=\"shariff-icon\" style=\"fill:#999\"><svg width=\"32px\" height=\"20px\" xmlns=\"http:\/\/www.w3.org\/2000\/svg\" viewBox=\"0 0 11 32\"><path fill=\"#999\" d=\"M11.4 24v2.3q0 0.5-0.3 0.8t-0.8 0.4h-9.1q-0.5 0-0.8-0.4t-0.4-0.8v-2.3q0-0.5 0.4-0.8t0.8-0.4h1.1v-6.8h-1.1q-0.5 0-0.8-0.4t-0.4-0.8v-2.3q0-0.5 0.4-0.8t0.8-0.4h6.8q0.5 0 0.8 0.4t0.4 0.8v10.3h1.1q0.5 0 0.8 0.4t0.3 0.8zM9.2 3.4v3.4q0 0.5-0.4 0.8t-0.8 0.4h-4.6q-0.4 0-0.8-0.4t-0.4-0.8v-3.4q0-0.4 0.4-0.8t0.8-0.4h4.6q0.5 0 0.8 0.4t0.4 0.8z\"\/><\/svg><\/span><\/a><\/li><\/ul><\/div>","protected":false},"excerpt":{"rendered":"<p>Nuestro Blog La documentaci\u00f3n en v\u00eddeo Sobre el proyecto<\/p>\n","protected":false},"author":2,"featured_media":0,"parent":0,"menu_order":0,"comment_status":"closed","ping_status":"closed","template":"","meta":{"footnotes":""},"class_list":["post-1726","page","type-page","status-publish"],"translation":{"provider":"WPGlobus","version":"3.0.2","language":"es","enabled_languages":["de","en","es"],"languages":{"de":{"title":true,"content":true,"excerpt":false},"en":{"title":true,"content":true,"excerpt":false},"es":{"title":true,"content":true,"excerpt":false}}},"aioseo_notices":[],"_links":{"self":[{"href":"https:\/\/viva.miniatur-wunderland.de\/es\/wp-json\/wp\/v2\/pages\/1726","targetHints":{"allow":["GET"]}}],"collection":[{"href":"https:\/\/viva.miniatur-wunderland.de\/es\/wp-json\/wp\/v2\/pages"}],"about":[{"href":"https:\/\/viva.miniatur-wunderland.de\/es\/wp-json\/wp\/v2\/types\/page"}],"author":[{"embeddable":true,"href":"https:\/\/viva.miniatur-wunderland.de\/es\/wp-json\/wp\/v2\/users\/2"}],"replies":[{"embeddable":true,"href":"https:\/\/viva.miniatur-wunderland.de\/es\/wp-json\/wp\/v2\/comments?post=1726"}],"version-history":[{"count":27,"href":"https:\/\/viva.miniatur-wunderland.de\/es\/wp-json\/wp\/v2\/pages\/1726\/revisions"}],"predecessor-version":[{"id":1888,"href":"https:\/\/viva.miniatur-wunderland.de\/es\/wp-json\/wp\/v2\/pages\/1726\/revisions\/1888"}],"wp:attachment":[{"href":"https:\/\/viva.miniatur-wunderland.de\/es\/wp-json\/wp\/v2\/media?parent=1726"}],"curies":[{"name":"wp","href":"https:\/\/api.w.org\/{rel}","templated":true}]}}